{"id":174,"date":"2025-04-08T13:59:29","date_gmt":"2025-04-08T11:59:29","guid":{"rendered":"https:\/\/kinderstiftungtroisdorf.de\/wordpress\/?page_id=174"},"modified":"2025-10-07T18:26:42","modified_gmt":"2025-10-07T16:26:42","slug":"einzelfallhilfen","status":"publish","type":"page","link":"https:\/\/kinderstiftungtroisdorf.de\/wordpress\/einzelfallhilfen\/","title":{"rendered":"Einzelfallhilfen"},"content":{"rendered":"<div class=\"wpb-content-wrapper\">[vc_row][vc_column][vc_column_text css=&#8220;&#8220;]In Troisdorf leben viele, zu viele Kinder in Einkommensarmut. Laut \u201eIndikatoren Sozial- und Gesundheitsplanung (Ausgabe 2024)\u201c, einer Ausarbeitung der Sozial- und Gesundheitsplanung des Rhein-Sieg-Kreises , liegt die Kinderarmut in Troisdorf aktuell bei 15,3 % (Zum Vergleich: Rhein-Sieg-Kreis 11,4 %). D.h., fast jedes sechste Kind unter 15 Jahren lebt in einer Familie, die mit weniger als 60 % des Durchschnittseinkommens auskommen muss beziehungsweise auf staatliche Grundsicherung (SGB II -Bezug) angewiesen ist. Betroffen sind vor allem Kinder Alleinerziehender, von Arbeitslosen und von Familien mit Migrationshintergrund.<br \/>\nTrotz des Bildungspakets des Bundesministeriums f\u00fcr Familie, Senioren, Frauen und Jugend, das diese Kindern ein Budget bis zu 10 Euro monatlich f\u00fcr Vereins-, Kultur- und Ferienangebote bereitstellt, fehlt vielen Eltern das Geld, um Ferienfreizeiten oder Mitgliedsbeitr\u00e4ge zu bezahlen. Wenn aber eine Teilhabe am sozialen Leben kaum noch m\u00f6glich ist, treten Armut und Benachteiligung am deutlichsten zum Vorschein.<\/p>\n<p>Armut ist der gr\u00f6\u00dfte Risikofaktor f\u00fcr die Entwicklung von Kindern und Jugendlichen. Armut darf nicht in Chancenlosigkeit m\u00fcnden.<\/p>\n<p>Neben der F\u00f6rderung von gr\u00f6\u00dferen Projekten hat die KinderStiftung es sich deshalb zur Aufgabe gemacht, schnelle Hilfe dort zu leisten, wo Hilfe Not tut. In enger Abstimmung mit dem Jugendamt der Stadt Troisdorf und sozialen Organisationen f\u00f6rdert die KinderStiftung Troisdorf j\u00e4hrlich mit einem Mittelvolumen von rund 20.000 \u20ac jeweils rund 50 Kindern, deren Probleme aus der finanziell prek\u00e4ren Lebenslage der Eltern resultieren.[\/vc_column_text][\/vc_column][\/vc_row]\n<\/div>","protected":false},"excerpt":{"rendered":"<p>[vc_row][vc_column][vc_column_text css=&#8220;&#8220;]In Troisdorf leben viele, zu viele Kinder in Einkommensarmut. Laut \u201eIndikatoren Sozial- und Gesundheitsplanung (Ausgabe 2024)\u201c, einer Ausarbeitung der Sozial- und Gesundheitsplanung des Rhein-Sieg-Kreises , liegt die Kinderarmut in Troisdorf aktuell bei 15,3 % (Zum Vergleich: Rhein-Sieg-Kreis 11,4 %). D.h., fast jedes sechste Kind unter 15 Jahren lebt in einer Familie, die mit weniger als 60 % des Durchschnittseinkommens &#8230; <\/p>\n<div><a href=\"https:\/\/kinderstiftungtroisdorf.de\/wordpress\/einzelfallhilfen\/\" class=\"more-link\">Read More<\/a><\/div>\n","protected":false},"author":1,"featured_media":0,"parent":0,"menu_order":0,"comment_status":"closed","ping_status":"closed","template":"","meta":{"footnotes":""},"class_list":["post-174","page","type-page","status-publish","hentry","no-post-thumbnail"],"_links":{"self":[{"href":"https:\/\/kinderstiftungtroisdorf.de\/wordpress\/wp-json\/wp\/v2\/pages\/174","targetHints":{"allow":["GET"]}}],"collection":[{"href":"https:\/\/kinderstiftungtroisdorf.de\/wordpress\/wp-json\/wp\/v2\/pages"}],"about":[{"href":"https:\/\/kinderstiftungtroisdorf.de\/wordpress\/wp-json\/wp\/v2\/types\/page"}],"author":[{"embeddable":true,"href":"https:\/\/kinderstiftungtroisdorf.de\/wordpress\/wp-json\/wp\/v2\/users\/1"}],"replies":[{"embeddable":true,"href":"https:\/\/kinderstiftungtroisdorf.de\/wordpress\/wp-json\/wp\/v2\/comments?post=174"}],"version-history":[{"count":4,"href":"https:\/\/kinderstiftungtroisdorf.de\/wordpress\/wp-json\/wp\/v2\/pages\/174\/revisions"}],"predecessor-version":[{"id":331,"href":"https:\/\/kinderstiftungtroisdorf.de\/wordpress\/wp-json\/wp\/v2\/pages\/174\/revisions\/331"}],"wp:attachment":[{"href":"https:\/\/kinderstiftungtroisdorf.de\/wordpress\/wp-json\/wp\/v2\/media?parent=174"}],"curies":[{"name":"wp","href":"https:\/\/api.w.org\/{rel}","templated":true}]}}