{"id":204,"date":"2025-04-08T18:04:09","date_gmt":"2025-04-08T16:04:09","guid":{"rendered":"https:\/\/kinderstiftungtroisdorf.de\/wordpress\/?page_id=204"},"modified":"2025-09-16T19:12:55","modified_gmt":"2025-09-16T17:12:55","slug":"fonds4future","status":"publish","type":"page","link":"https:\/\/kinderstiftungtroisdorf.de\/wordpress\/fonds4future\/","title":{"rendered":"Fonds4Future"},"content":{"rendered":"<div class=\"wpb-content-wrapper\">[vc_row][vc_column width=&#8220;1\/2&#8243;][vc_column_text css=&#8220;&#8220;]\n<p class=\"p5\">Der Fonds4Future m\u00f6chte einen Beitrag leisten, um Kindern aus benachteiligten Familien den Zugang zu Bildung und gesellschaftlicher Teilhabe zu erleichtern. Im Rhein-Sieg-Kreis liegt die Kinder- und Jugendarmutsquote bei 11,4 %.<\/p>\n<p class=\"p5\">In Troisdorf sind in einigen Quartieren jedoch \u00fcber 20 % der Kinder und Jugendlichen von Armut betroffen. Das bedeutet, dass in der Stadt etwa 2.500 Kinder unter schwierigen finanziellen Bedingungen aufwachsen.<\/p>\n<p class=\"p5\">(Quelle: Quartierprofil im Rhein-Sieg-Kreis, Stand 2024)<\/p>\n<p class=\"p5\">Schon im Vorschulalter beeinflussen fehlende finanzielle Mittel und sprachliche Barrieren die Bildungschancen der Kinder erheblich. Kinder aus \u00e4rmeren Familien haben oft schlechtere Startbedingungen in der Schule und weniger M\u00f6glichkeiten, an Bildungs- und Freizeitangeboten teilzunehmen. Dies erh\u00f6ht das Risiko eines langfristigen Bildungsnachteils und sozialer Isolation.<\/p>\n<p class=\"p5\">Der Fonds4Future setzt genau hier an, um diesen Kindern durch gezielte F\u00f6rderma\u00dfnahmen eine gerechtere Chance auf eine erfolgreiche Bildungslaufbahn zu erm\u00f6glichen.<\/p>\n<p>&nbsp;<\/p>\n<p><b>Vision und L\u00f6sungsans\u00e4tze<\/b><\/p>\n<p class=\"p10\"><b>Jedem Kind seine Chance<\/b><\/p>\n<p class=\"p10\">Der &#8222;Fonds4Future&#8220; der KinderStiftung Troisdorf m\u00f6chte benachteiligten Troisdorfer <span class=\"Apple-converted-space\">\u00a0 <\/span>Kindern die Chance auf eine gute Bildung und allgemein bessere F\u00f6rderung verschaffen.<span class=\"Apple-converted-space\">\u00a0 <\/span>Alle Kinder in der Stadt sollen die M\u00f6glichkeit haben, sich ihren Begabungen und Neigungen entsprechend zu entwickeln, schulische Bildung mit Freude zu erleben und ihren Weg ins Leben zu finden. Bildung ist der beste Weg f\u00fcr ein selbstbestimmtes und erf\u00fclltes Leben. Eine gute Ausbildung er\u00f6ffnet jungen Menschen nicht nur eine Vielzahl beruflicher Chancen und sichert ein hohes Bildungsniveau in Ausbildung und Beruf, sondern bereichert auch das Gemeinwesen unserer Stadt. Die aufwachsende Generation ist die Zukunft Troisdorfs und sichert den Fortbestand unserer Gesellschaft, in der die W\u00fcrde des Menschen, Kultur, Bildung und Demokratie die h\u00f6chsten G\u00fcter sind.<\/p>\n<p class=\"p10\">Der \u201eFonds4Future\u201c der Kinderstiftung Troisdorf will deshalb Kindern aus benachteiligten Familien, unabh\u00e4ngig von ihrer Herkunft, so fr\u00fch wie m\u00f6glich einen guten Zugang zu Bildung und F\u00f6rderung erm\u00f6glichen.<\/p>\n<p class=\"p5\">Je fr\u00fcher die Verbesserung der Ausbildungssituation einsetzt, umso mehr kann eine gerechtere Chancenverteilung erreicht werden, daher haben wir es uns zum Ziel gesetzt, jungen Menschen fr\u00fchzeitig eine F\u00f6rderung zugutekommen zu lassen.<\/p>\n[\/vc_column_text][\/vc_column][vc_column width=&#8220;1\/2&#8243;][vc_single_image image=&#8220;273&#8243; img_size=&#8220;full&#8220; alignment=&#8220;center&#8220; css=&#8220;&#8220;][\/vc_column][\/vc_row][vc_row][vc_column][vc_separator color=&#8220;orange&#8220; css=&#8220;&#8220;][\/vc_column][\/vc_row]\n<\/div>","protected":false},"excerpt":{"rendered":"<p>[vc_row][vc_column width=&#8220;1\/2&#8243;][vc_column_text css=&#8220;&#8220;] Der Fonds4Future m\u00f6chte einen Beitrag leisten, um Kindern aus benachteiligten Familien den Zugang zu Bildung und gesellschaftlicher Teilhabe zu erleichtern. Im Rhein-Sieg-Kreis liegt die Kinder- und Jugendarmutsquote bei 11,4 %. In Troisdorf sind in einigen Quartieren jedoch \u00fcber 20 % der Kinder und Jugendlichen von Armut betroffen. Das bedeutet, dass in der Stadt etwa 2.500 Kinder unter &#8230; <\/p>\n<div><a href=\"https:\/\/kinderstiftungtroisdorf.de\/wordpress\/fonds4future\/\" class=\"more-link\">Read More<\/a><\/div>\n","protected":false},"author":1,"featured_media":0,"parent":0,"menu_order":0,"comment_status":"closed","ping_status":"closed","template":"","meta":{"footnotes":""},"class_list":["post-204","page","type-page","status-publish","hentry","no-post-thumbnail"],"_links":{"self":[{"href":"https:\/\/kinderstiftungtroisdorf.de\/wordpress\/wp-json\/wp\/v2\/pages\/204","targetHints":{"allow":["GET"]}}],"collection":[{"href":"https:\/\/kinderstiftungtroisdorf.de\/wordpress\/wp-json\/wp\/v2\/pages"}],"about":[{"href":"https:\/\/kinderstiftungtroisdorf.de\/wordpress\/wp-json\/wp\/v2\/types\/page"}],"author":[{"embeddable":true,"href":"https:\/\/kinderstiftungtroisdorf.de\/wordpress\/wp-json\/wp\/v2\/users\/1"}],"replies":[{"embeddable":true,"href":"https:\/\/kinderstiftungtroisdorf.de\/wordpress\/wp-json\/wp\/v2\/comments?post=204"}],"version-history":[{"count":7,"href":"https:\/\/kinderstiftungtroisdorf.de\/wordpress\/wp-json\/wp\/v2\/pages\/204\/revisions"}],"predecessor-version":[{"id":207,"href":"https:\/\/kinderstiftungtroisdorf.de\/wordpress\/wp-json\/wp\/v2\/pages\/204\/revisions\/207"}],"wp:attachment":[{"href":"https:\/\/kinderstiftungtroisdorf.de\/wordpress\/wp-json\/wp\/v2\/media?parent=204"}],"curies":[{"name":"wp","href":"https:\/\/api.w.org\/{rel}","templated":true}]}}